{"id":740,"date":"2023-03-07T06:28:55","date_gmt":"2023-03-07T06:28:55","guid":{"rendered":"https:\/\/themexriver.com\/wp\/elecrix\/?page_id=740"},"modified":"2024-12-09T23:41:46","modified_gmt":"2024-12-09T23:41:46","slug":"servicios","status":"publish","type":"page","link":"https:\/\/galgar.com.mx\/index.php\/servicios\/","title":{"rendered":"Servicios"},"content":{"rendered":"\t\t<div data-elementor-type=\"wp-page\" data-elementor-id=\"740\" class=\"elementor elementor-740\">\n\t\t\t\t\t\t<section class=\"elementor-section elementor-top-section elementor-element elementor-element-d4b18e2 elementor-section-full_width elementor-section-height-default elementor-section-height-default\" data-id=\"d4b18e2\" data-element_type=\"section\" data-e-type=\"section\">\n\t\t\t\t\t\t<div class=\"elementor-container elementor-column-gap-no\">\n\t\t\t\t\t<div class=\"elementor-column elementor-col-100 elementor-top-column elementor-element elementor-element-18308b9\" data-id=\"18308b9\" data-element_type=\"column\" data-e-type=\"column\">\n\t\t\t<div class=\"elementor-widget-wrap elementor-element-populated\">\n\t\t\t\t\t\t<div class=\"elementor-element elementor-element-3f2753e elementor-widget elementor-widget-ele-breadcrumb-id\" data-id=\"3f2753e\" data-element_type=\"widget\" data-e-type=\"widget\" data-widget_type=\"ele-breadcrumb-id.default\">\n\t\t\t\t<div class=\"elementor-widget-container\">\n\t\t\t\t\t    <section id=\"elx-breadcrumb\" class=\"elx-breadcrumb-section\" data-background=\"https:\/\/themexriver.com\/wp\/elecrix\/wp-content\/uploads\/2023\/03\/bread-bg.jpg\">\n\t\t<div class=\"container\">\n\t\t\t<div class=\"elx-breadcrumb-content headline ul-li\">\n\t\t\t\t<h3>Servicios<\/h3>\n\t\t\t\t<div class=\"elx-breadcrumb-list\">\n\t\t\t\t\t<ul>\n\t\t\t\t\t\t<li><a href=\"https:\/\/galgar.com.mx\/\">Home &nbsp;<\/a><\/li><li><a href=\"https:\/\/galgar.com.mx\/index.php\/servicios\/\"><\/a><\/li>\t\t\t\t\t<\/ul>\n\t\t\t\t<\/div>\n\t\t\t<\/div>\n\t\t<\/div>\n\t<\/section>\n    \t\t\t\t<\/div>\n\t\t\t\t<\/div>\n\t\t\t\t\t<\/div>\n\t\t<\/div>\n\t\t\t\t\t<\/div>\n\t\t<\/section>\n\t\t\t\t<section class=\"elementor-section elementor-top-section elementor-element elementor-element-bff39df elementor-section-boxed elementor-section-height-default elementor-section-height-default\" data-id=\"bff39df\" data-element_type=\"section\" data-e-type=\"section\">\n\t\t\t\t\t\t<div class=\"elementor-container elementor-column-gap-default\">\n\t\t\t\t\t<div class=\"elementor-column elementor-col-100 elementor-top-column elementor-element elementor-element-797449c\" data-id=\"797449c\" data-element_type=\"column\" data-e-type=\"column\">\n\t\t\t<div class=\"elementor-widget-wrap elementor-element-populated\">\n\t\t\t\t\t\t<div class=\"elementor-element elementor-element-06c9b3c elementor-widget elementor-widget-ele-service-grid-id\" data-id=\"06c9b3c\" data-element_type=\"widget\" data-e-type=\"widget\" data-widget_type=\"ele-service-grid-id.default\">\n\t\t\t\t<div class=\"elementor-widget-container\">\n\t\t\t\t\t    <div class=\"elx-service-feed-content\">\n        <div class=\"row\">\n                        <div class=\"col-lg-3 col-md-6\">\n                <div class=\"elx-service-item-2  position-relative\">\n                    <div class=\"elx-service-img\">\n                        <img decoding=\"async\" src=\"https:\/\/galgar.com.mx\/wp-content\/uploads\/2024\/12\/compactas1-310x415.jpg\" alt=\"\">\n                    <\/div>\n                    <div class=\"elx-service-text-icon position-absolute\">\n                        <div class=\"service-icon position-absolute d-flex align-items-center justify-content-center\">\n                            <i class=\"flaticon-electrical-service\"><\/i>\n                        <\/div>\n                        <div class=\"service-text headline pera-content\">\n                            <h3><a href=\"https:\/\/galgar.com.mx\/index.php\/elecrix_service\/pool-hot-tub-wiring\/\">\u2022\tSubestaciones compactas de 15, 25 y 35 KV<\/a><\/h3>\n                            <p><p>Mantenimiento e instalaci\u00f3n el\u00e9ctrica. Expertos en electricidad comercial.<\/p>\n<\/p>\n                        <\/div>\n                    <\/div>\n                    <div class=\"elx-serice-read-more position-absolute\">\n                        <a href=\"https:\/\/galgar.com.mx\/index.php\/elecrix_service\/pool-hot-tub-wiring\/\"><i class=\"fal fa-long-arrow-right\"><\/i><\/a>\n                    <\/div>\n                <\/div>\n            <\/div>\n                        <div class=\"col-lg-3 col-md-6\">\n                <div class=\"elx-service-item-2  position-relative\">\n                    <div class=\"elx-service-img\">\n                        <img decoding=\"async\" src=\"https:\/\/galgar.com.mx\/wp-content\/uploads\/2023\/02\/b-310x415.jpg\" alt=\"\">\n                    <\/div>\n                    <div class=\"elx-service-text-icon position-absolute\">\n                        <div class=\"service-icon position-absolute d-flex align-items-center justify-content-center\">\n                            <i class=\"flaticon-maintenance\"><\/i>\n                        <\/div>\n                        <div class=\"service-text headline pera-content\">\n                            <h3><a href=\"https:\/\/galgar.com.mx\/index.php\/elecrix_service\/accesorios-y-refaccionamiento-para-subestaciones-compactas\/\">Accesorios y refaccionamiento para subestaciones compactas<\/a><\/h3>\n                            <p><p>Accesorios de la m\u00e1s alta Calidad.<\/p>\n<\/p>\n                        <\/div>\n                    <\/div>\n                    <div class=\"elx-serice-read-more position-absolute\">\n                        <a href=\"https:\/\/galgar.com.mx\/index.php\/elecrix_service\/accesorios-y-refaccionamiento-para-subestaciones-compactas\/\"><i class=\"fal fa-long-arrow-right\"><\/i><\/a>\n                    <\/div>\n                <\/div>\n            <\/div>\n                        <div class=\"col-lg-3 col-md-6\">\n                <div class=\"elx-service-item-2  position-relative\">\n                    <div class=\"elx-service-img\">\n                        <img decoding=\"async\" src=\"https:\/\/galgar.com.mx\/wp-content\/uploads\/2023\/02\/n-310x415.jpg\" alt=\"\">\n                    <\/div>\n                    <div class=\"elx-service-text-icon position-absolute\">\n                        <div class=\"service-icon position-absolute d-flex align-items-center justify-content-center\">\n                            <i class=\"flaticon-policy\"><\/i>\n                        <\/div>\n                        <div class=\"service-text headline pera-content\">\n                            <h3><a href=\"https:\/\/galgar.com.mx\/index.php\/elecrix_service\/inspecciones-de-seguridad\/\">Inspecciones de seguridad<\/a><\/h3>\n                            <p><p>Mantenimiento contin\u00fao<\/p>\n<\/p>\n                        <\/div>\n                    <\/div>\n                    <div class=\"elx-serice-read-more position-absolute\">\n                        <a href=\"https:\/\/galgar.com.mx\/index.php\/elecrix_service\/inspecciones-de-seguridad\/\"><i class=\"fal fa-long-arrow-right\"><\/i><\/a>\n                    <\/div>\n                <\/div>\n            <\/div>\n                        <div class=\"col-lg-3 col-md-6\">\n                <div class=\"elx-service-item-2  position-relative\">\n                    <div class=\"elx-service-img\">\n                        <img decoding=\"async\" src=\"https:\/\/galgar.com.mx\/wp-content\/uploads\/2024\/12\/chapala-Siapa-310x415.jpg\" alt=\"\">\n                    <\/div>\n                    <div class=\"elx-service-text-icon position-absolute\">\n                        <div class=\"service-icon position-absolute d-flex align-items-center justify-content-center\">\n                            <i class=\"flaticon-electrical-service\"><\/i>\n                        <\/div>\n                        <div class=\"service-text headline pera-content\">\n                            <h3><a href=\"https:\/\/galgar.com.mx\/index.php\/elecrix_service\/instalacion-transformadores\/\">Instalaci\u00f3n Transformadores<\/a><\/h3>\n                            <p><p>La base del transformador incluye soportes de montaje que permiten fijar la plataforma de forma segura a la base.<\/p>\n<\/p>\n                        <\/div>\n                    <\/div>\n                    <div class=\"elx-serice-read-more position-absolute\">\n                        <a href=\"https:\/\/galgar.com.mx\/index.php\/elecrix_service\/instalacion-transformadores\/\"><i class=\"fal fa-long-arrow-right\"><\/i><\/a>\n                    <\/div>\n                <\/div>\n            <\/div>\n                        <div class=\"col-lg-3 col-md-6\">\n                <div class=\"elx-service-item-2  position-relative\">\n                    <div class=\"elx-service-img\">\n                        <img decoding=\"async\" src=\"https:\/\/galgar.com.mx\/wp-content\/uploads\/2023\/02\/b1-310x415.jpg\" alt=\"\">\n                    <\/div>\n                    <div class=\"elx-service-text-icon position-absolute\">\n                        <div class=\"service-icon position-absolute d-flex align-items-center justify-content-center\">\n                            <i class=\"flaticon-engine\"><\/i>\n                        <\/div>\n                        <div class=\"service-text headline pera-content\">\n                            <h3><a href=\"https:\/\/galgar.com.mx\/index.php\/elecrix_service\/instalacion-de-salida\/\">Tablero Instalaci\u00f3n de salida<\/a><\/h3>\n                            <p><p>Salida que se usa para enchufar, por medio de clavijas, un aparato el\u00e9ctrico port\u00e1til. Se ubica en el piso, contenido en una caja especial que lo protege.<\/p>\n<\/p>\n                        <\/div>\n                    <\/div>\n                    <div class=\"elx-serice-read-more position-absolute\">\n                        <a href=\"https:\/\/galgar.com.mx\/index.php\/elecrix_service\/instalacion-de-salida\/\"><i class=\"fal fa-long-arrow-right\"><\/i><\/a>\n                    <\/div>\n                <\/div>\n            <\/div>\n                        <div class=\"col-lg-3 col-md-6\">\n                <div class=\"elx-service-item-2  position-relative\">\n                    <div class=\"elx-service-img\">\n                        <img decoding=\"async\" src=\"https:\/\/galgar.com.mx\/wp-content\/uploads\/2024\/12\/IMG_3818-310x415.jpg\" alt=\"\">\n                    <\/div>\n                    <div class=\"elx-service-text-icon position-absolute\">\n                        <div class=\"service-icon position-absolute d-flex align-items-center justify-content-center\">\n                            <i class=\"flaticon-welding-machine\"><\/i>\n                        <\/div>\n                        <div class=\"service-text headline pera-content\">\n                            <h3><a href=\"https:\/\/galgar.com.mx\/index.php\/elecrix_service\/mantenimiento-electrico\/\">Mantenimiento El\u00e9ctrico<\/a><\/h3>\n                            <p><p>El mantenimiento industrial en instalaciones el\u00e9ctricas de media tensi\u00f3n tiene como objetivo evitar el deterioro de los componentes e instalaciones. <\/p>\n<\/p>\n                        <\/div>\n                    <\/div>\n                    <div class=\"elx-serice-read-more position-absolute\">\n                        <a href=\"https:\/\/galgar.com.mx\/index.php\/elecrix_service\/mantenimiento-electrico\/\"><i class=\"fal fa-long-arrow-right\"><\/i><\/a>\n                    <\/div>\n                <\/div>\n            <\/div>\n                        <div class=\"col-lg-3 col-md-6\">\n                <div class=\"elx-service-item-2  position-relative\">\n                    <div class=\"elx-service-img\">\n                        <img decoding=\"async\" src=\"https:\/\/galgar.com.mx\/wp-content\/uploads\/2023\/02\/b3-310x415.jpg\" alt=\"\">\n                    <\/div>\n                    <div class=\"elx-service-text-icon position-absolute\">\n                        <div class=\"service-icon position-absolute d-flex align-items-center justify-content-center\">\n                            <i class=\"flaticon-electrical-service\"><\/i>\n                        <\/div>\n                        <div class=\"service-text headline pera-content\">\n                            <h3><a href=\"https:\/\/galgar.com.mx\/index.php\/elecrix_service\/cableado-e-instalacion\/\">Cableado e instalaci\u00f3n<\/a><\/h3>\n                            <p><p>El cableado e instalaci\u00f3n el\u00e9ctrica industrial es un sistema complejo de circuitos que se encarga de distribuir la energ\u00eda el\u00e9ctrica a los equipos y m\u00e1quinas de un edificio industrial.<\/p>\n<\/p>\n                        <\/div>\n                    <\/div>\n                    <div class=\"elx-serice-read-more position-absolute\">\n                        <a href=\"https:\/\/galgar.com.mx\/index.php\/elecrix_service\/cableado-e-instalacion\/\"><i class=\"fal fa-long-arrow-right\"><\/i><\/a>\n                    <\/div>\n                <\/div>\n            <\/div>\n                        <div class=\"col-lg-3 col-md-6\">\n                <div class=\"elx-service-item-2  position-relative\">\n                    <div class=\"elx-service-img\">\n                        <img decoding=\"async\" src=\"https:\/\/galgar.com.mx\/wp-content\/uploads\/2024\/12\/IMG_3220-copia-310x415.jpg\" alt=\"\">\n                    <\/div>\n                    <div class=\"elx-service-text-icon position-absolute\">\n                        <div class=\"service-icon position-absolute d-flex align-items-center justify-content-center\">\n                            <i class=\"flaticon-electrical-service\"><\/i>\n                        <\/div>\n                        <div class=\"service-text headline pera-content\">\n                            <h3><a href=\"https:\/\/galgar.com.mx\/index.php\/elecrix_service\/tableros-de-distribucion-en-baja-tension-hasta-5000amp\/\">Tableros de distribuci\u00f3n en baja tensi\u00f3n hasta 5,000AMP<\/a><\/h3>\n                            <p><p>El tablero de distribuci\u00f3n QED2 de Schneider Electric es un tablero de baja tensi\u00f3n que puede soportar hasta 5000 A y 200 kA.<\/p>\n<\/p>\n                        <\/div>\n                    <\/div>\n                    <div class=\"elx-serice-read-more position-absolute\">\n                        <a href=\"https:\/\/galgar.com.mx\/index.php\/elecrix_service\/tableros-de-distribucion-en-baja-tension-hasta-5000amp\/\"><i class=\"fal fa-long-arrow-right\"><\/i><\/a>\n                    <\/div>\n                <\/div>\n            <\/div>\n                    <\/div>\n    <\/div>\n    \n    \t\t\t\t<\/div>\n\t\t\t\t<\/div>\n\t\t\t\t\t<\/div>\n\t\t<\/div>\n\t\t\t\t\t<\/div>\n\t\t<\/section>\n\t\t\t\t<section class=\"elementor-section elementor-top-section elementor-element elementor-element-3e1d527 elementor-section-boxed elementor-section-height-default elementor-section-height-default\" data-id=\"3e1d527\" data-element_type=\"section\" data-e-type=\"section\" data-settings=\"{&quot;background_background&quot;:&quot;classic&quot;}\">\n\t\t\t\t\t\t<div class=\"elementor-container elementor-column-gap-default\">\n\t\t\t\t\t<div class=\"elementor-column elementor-col-50 elementor-top-column elementor-element elementor-element-d1fd2b5\" data-id=\"d1fd2b5\" data-element_type=\"column\" data-e-type=\"column\">\n\t\t\t<div class=\"elementor-widget-wrap\">\n\t\t\t\t\t\t\t<\/div>\n\t\t<\/div>\n\t\t\t\t<div class=\"elementor-column elementor-col-50 elementor-top-column elementor-element elementor-element-edd5020\" data-id=\"edd5020\" data-element_type=\"column\" data-e-type=\"column\">\n\t\t\t<div class=\"elementor-widget-wrap elementor-element-populated\">\n\t\t\t\t\t\t<div class=\"elementor-element elementor-element-48e8e0e elementor-absolute elementor-widget-divider--view-line elementor-widget elementor-widget-divider\" data-id=\"48e8e0e\" data-element_type=\"widget\" data-e-type=\"widget\" data-settings=\"{&quot;_position&quot;:&quot;absolute&quot;}\" data-widget_type=\"divider.default\">\n\t\t\t\t<div class=\"elementor-widget-container\">\n\t\t\t\t\t\t\t<div class=\"elementor-divider\">\n\t\t\t<span class=\"elementor-divider-separator\">\n\t\t\t\t\t\t<\/span>\n\t\t<\/div>\n\t\t\t\t\t\t<\/div>\n\t\t\t\t<\/div>\n\t\t\t\t<div class=\"elementor-element elementor-element-06502f4 elementor-widget elementor-widget-heading\" data-id=\"06502f4\" data-element_type=\"widget\" data-e-type=\"widget\" data-widget_type=\"heading.default\">\n\t\t\t\t<div class=\"elementor-widget-container\">\n\t\t\t\t\t<h2 class=\"elementor-heading-title elementor-size-default\">PROJECTS<\/h2>\t\t\t\t<\/div>\n\t\t\t\t<\/div>\n\t\t\t\t<div class=\"elementor-element elementor-element-cd5f190 elementor-widget elementor-widget-heading\" data-id=\"cd5f190\" data-element_type=\"widget\" data-e-type=\"widget\" data-widget_type=\"heading.default\">\n\t\t\t\t<div class=\"elementor-widget-container\">\n\t\t\t\t\t<h2 class=\"elementor-heading-title elementor-size-default\">Descubra las preguntas frecuentes de nuestro soporte experto<\/h2>\t\t\t\t<\/div>\n\t\t\t\t<\/div>\n\t\t\t\t<div class=\"elementor-element elementor-element-7589237 elementor-widget elementor-widget-ele-accordion-id\" data-id=\"7589237\" data-element_type=\"widget\" data-e-type=\"widget\" data-widget_type=\"ele-accordion-id.default\">\n\t\t\t\t<div class=\"elementor-widget-container\">\n\t\t\t\t\t\t<div class=\"elx-faq-accordion-area\">\n        <div class=\"elx-faq-accordion\">\n            <div class=\"accordion\" id=\"accordionExample2\">\n                                <div class=\"accordion-item headline-2 pera-content wow fadeInUp\" data-wow-delay=\"200ms\" data-wow-duration=\"1500ms\">\n                    <h2 class=\"accordion-header\" id=\"headingOne7dc6433\">\n                        <button class=\"accordion-button  \" type=\"button\" data-bs-toggle=\"collapse\" data-bs-target=\"#collapseOne7dc6433\" aria-expanded=\"true\" aria-controls=\"collapseOne\">\n                            \u00bfCu\u00e1l deber\u00eda ser mi presupuesto de marketing digital?                        <\/button>\n                    <\/h2>\n                    <div id=\"collapseOne7dc6433\" class=\"accordion-collapse collapse show\" aria-labelledby=\"headingOne7dc6433\" data-bs-parent=\"#accordionExample7dc6433\">\n                        <div class=\"accordion-body\">\n                            <p>On the other hand we denounce with righteous indignat and dislike men who are so beguiled and demoralized by the charms of the moment so by desire.<\/p>                        <\/div>\n                    <\/div>\n                <\/div>\n                                <div class=\"accordion-item headline-2 pera-content wow fadeInUp\" data-wow-delay=\"200ms\" data-wow-duration=\"1500ms\">\n                    <h2 class=\"accordion-header\" id=\"headingOne03ced6a\">\n                        <button class=\"accordion-button collapsed \" type=\"button\" data-bs-toggle=\"collapse\" data-bs-target=\"#collapseOne03ced6a\" aria-expanded=\"true\" aria-controls=\"collapseOne\">\n                            What is the design process for branding?                        <\/button>\n                    <\/h2>\n                    <div id=\"collapseOne03ced6a\" class=\"accordion-collapse collapse \" aria-labelledby=\"headingOne03ced6a\" data-bs-parent=\"#accordionExample03ced6a\">\n                        <div class=\"accordion-body\">\n                            <p>On the other hand we denounce with righteous indignat and dislike men who are so beguiled and demoralized by the charms of the moment so by desire.<\/p>                        <\/div>\n                    <\/div>\n                <\/div>\n                                <div class=\"accordion-item headline-2 pera-content wow fadeInUp\" data-wow-delay=\"200ms\" data-wow-duration=\"1500ms\">\n                    <h2 class=\"accordion-header\" id=\"headingOnefe886b0\">\n                        <button class=\"accordion-button collapsed \" type=\"button\" data-bs-toggle=\"collapse\" data-bs-target=\"#collapseOnefe886b0\" aria-expanded=\"true\" aria-controls=\"collapseOne\">\n                            What is the design process for branding?                        <\/button>\n                    <\/h2>\n                    <div id=\"collapseOnefe886b0\" class=\"accordion-collapse collapse \" aria-labelledby=\"headingOnefe886b0\" data-bs-parent=\"#accordionExamplefe886b0\">\n                        <div class=\"accordion-body\">\n                            <p>On the other hand we denounce with righteous indignat and dislike men who are so beguiled and demoralized by the charms of the moment so by desire.<\/p>                        <\/div>\n                    <\/div>\n                <\/div>\n                            <\/div>\n        <\/div>\n    <\/div>\n    \t\t\t\t<\/div>\n\t\t\t\t<\/div>\n\t\t\t\t\t<\/div>\n\t\t<\/div>\n\t\t\t\t\t<\/div>\n\t\t<\/section>\n\t\t\t\t<\/div>\n\t\t","protected":false},"excerpt":{"rendered":"<p>Servicios Home &nbsp; \u2022 Subestaciones compactas de 15, 25 y 35 KV Mantenimiento e instalaci\u00f3n el\u00e9ctrica. Expertos en electricidad comercial. Accesorios y refaccionamiento para subestaciones compactas Accesorios de la m\u00e1s alta Calidad. Inspecciones de seguridad Mantenimiento contin\u00fao Instalaci\u00f3n Transformadores La base del transformador incluye soportes de montaje que permiten fijar la plataforma de forma segura [&hellip;]<\/p>\n","protected":false},"author":1,"featured_media":0,"parent":0,"menu_order":0,"comment_status":"closed","ping_status":"closed","template":"elecrix-template.php","meta":{"inline_featured_image":false,"footnotes":""},"class_list":["post-740","page","type-page","status-publish","hentry"],"_links":{"self":[{"href":"https:\/\/galgar.com.mx\/index.php\/wp-json\/wp\/v2\/pages\/740","targetHints":{"allow":["GET"]}}],"collection":[{"href":"https:\/\/galgar.com.mx\/index.php\/wp-json\/wp\/v2\/pages"}],"about":[{"href":"https:\/\/galgar.com.mx\/index.php\/wp-json\/wp\/v2\/types\/page"}],"author":[{"embeddable":true,"href":"https:\/\/galgar.com.mx\/index.php\/wp-json\/wp\/v2\/users\/1"}],"replies":[{"embeddable":true,"href":"https:\/\/galgar.com.mx\/index.php\/wp-json\/wp\/v2\/comments?post=740"}],"version-history":[{"count":5,"href":"https:\/\/galgar.com.mx\/index.php\/wp-json\/wp\/v2\/pages\/740\/revisions"}],"predecessor-version":[{"id":1347,"href":"https:\/\/galgar.com.mx\/index.php\/wp-json\/wp\/v2\/pages\/740\/revisions\/1347"}],"wp:attachment":[{"href":"https:\/\/galgar.com.mx\/index.php\/wp-json\/wp\/v2\/media?parent=740"}],"curies":[{"name":"wp","href":"https:\/\/api.w.org\/{rel}","templated":true}]}}